{"id":13,"date":"2025-09-23T11:36:48","date_gmt":"2025-09-23T09:36:48","guid":{"rendered":"http:\/\/gwenaellediner.fr\/?page_id=13"},"modified":"2025-10-31T11:59:32","modified_gmt":"2025-10-31T10:59:32","slug":"accueil","status":"publish","type":"page","link":"https:\/\/gwenaellediner.fr\/","title":{"rendered":"Accueil"},"content":{"rendered":"\n<div class=\"wp-block-cover alignfull\" style=\"min-height:1014px;aspect-ratio:unset;\"><img loading=\"lazy\" decoding=\"async\" width=\"2560\" height=\"1655\" class=\"wp-block-cover__image-background wp-image-10 size-full\" alt=\"\" src=\"http:\/\/gwenaellediner.fr\/wp-content\/uploads\/2025\/09\/Gwenaelle-Diner-Finale-scaled.webp\" style=\"object-position:32% 54%\" data-object-fit=\"cover\" data-object-position=\"32% 54%\" srcset=\"https:\/\/gwenaellediner.fr\/wp-content\/uploads\/2025\/09\/Gwenaelle-Diner-Finale-scaled.webp 2560w, https:\/\/gwenaellediner.fr\/wp-content\/uploads\/2025\/09\/Gwenaelle-Diner-Finale-300x194.webp 300w, https:\/\/gwenaellediner.fr\/wp-content\/uploads\/2025\/09\/Gwenaelle-Diner-Finale-1024x662.webp 1024w, https:\/\/gwenaellediner.fr\/wp-content\/uploads\/2025\/09\/Gwenaelle-Diner-Finale-768x496.webp 768w, https:\/\/gwenaellediner.fr\/wp-content\/uploads\/2025\/09\/Gwenaelle-Diner-Finale-1536x993.webp 1536w, https:\/\/gwenaellediner.fr\/wp-content\/uploads\/2025\/09\/Gwenaelle-Diner-Finale-2048x1324.webp 2048w\" sizes=\"auto, (max-width: 2560px) 100vw, 2560px\" \/><span aria-hidden=\"true\" class=\"wp-block-cover__background has-background-dim-0 has-background-dim has-background-gradient\" style=\"background-color:#4c5060;background:linear-gradient(35deg,rgb(6,0,151) 0%,rgb(130,4,255) 73%,rgb(193,15,255) 100%)\"><\/span><div class=\"wp-block-cover__inner-container is-layout-flow wp-block-cover-is-layout-flow\">\n<div class=\"wp-block-columns is-layout-flex wp-container-core-columns-is-layout-28f84493 wp-block-columns-is-layout-flex\">\n<div class=\"wp-block-column is-layout-flow wp-block-column-is-layout-flow\" style=\"flex-basis:66.66%\">\n<div class=\"inherit-container-width wp-block-group alignwide is-layout-constrained wp-block-group-is-layout-constrained\">\n<div style=\"height:20px\" aria-hidden=\"true\" class=\"wp-block-spacer\"><\/div>\n\n\n\n<h1 class=\"wp-block-heading has-text-align-left has-white-color has-text-color has-x-large-font-size uag-hide-mob\" style=\"line-height:1.1\">Vous aider \u00e0 retrouver<br>du souffle, du sens,<br>et \u00e0 porter ensemble<br>le quotidien de l&rsquo;entreprise<\/h1>\n\n\n\n<h2 class=\"wp-block-heading has-text-align-left has-white-color has-text-color uag-hide-desktop uag-hide-tab\" style=\"font-size:28px;line-height:1.1\">Vous aider \u00e0 retrouver<br>du souffle, du sens,<br>et \u00e0 porter ensemble<br>le quotidien de l&rsquo;entreprise<\/h2>\n\n\n\n<p class=\"has-white-color has-text-color\"><em>Interventions ponctuelles ou suivies \u00b7 Mobilit\u00e9 r\u00e9gionale<\/em><\/p>\n\n\n\n<div style=\"height:5px\" aria-hidden=\"true\" class=\"wp-block-spacer uag-hide-tab uag-hide-mob\"><\/div>\n\n\n\n<div class=\"wp-block-buttons uag-hide-mob is-content-justification-left is-layout-flex wp-container-core-buttons-is-layout-fc4fd283 wp-block-buttons-is-layout-flex\">\n<div class=\"wp-block-button is-style-outline is-style-outline--1\"><a class=\"wp-block-button__link wp-element-button\"><img decoding=\"async\" class=\"wp-image-115\" style=\"width: NaNpx;\" src=\"http:\/\/gwenaellediner.fr\/wp-content\/uploads\/2025\/09\/envelope.svg\" alt=\"\">   CONTACT@GWENAELLEDINER.FR<\/a><\/div>\n<\/div>\n\n\n\n<div class=\"wp-block-buttons uag-hide-desktop uag-hide-tab is-content-justification-center is-layout-flex wp-container-core-buttons-is-layout-a89b3969 wp-block-buttons-is-layout-flex\">\n<div class=\"wp-block-button is-style-outline is-style-outline--2\"><a class=\"wp-block-button__link wp-element-button\">contact@gwenaellediner.fr<\/a><\/div>\n<\/div>\n\n\n\n<div style=\"height:5px\" aria-hidden=\"true\" class=\"wp-block-spacer uag-hide-tab uag-hide-mob\"><\/div>\n\n\n\n<div class=\"wp-block-uagb-advanced-heading uagb-block-73d7dddf\"><h2 class=\"uagb-heading-text\">Site en construction &#8230;<\/h2><\/div>\n<\/div>\n<\/div>\n\n\n\n<div class=\"wp-block-column is-layout-flow wp-block-column-is-layout-flow\" style=\"flex-basis:33.33%\"><\/div>\n<\/div>\n\n\n\n<div style=\"height:5px\" aria-hidden=\"true\" class=\"wp-block-spacer uag-hide-tab uag-hide-mob\"><\/div>\n\n\n\n<div class=\"wp-block-columns uag-hide-tab uag-hide-mob is-layout-flex wp-container-core-columns-is-layout-28f84493 wp-block-columns-is-layout-flex\">\n<div class=\"wp-block-column is-vertically-aligned-center is-layout-flow wp-block-column-is-layout-flow\">\n<div class=\"wp-block-uagb-image aligncenter uagb-block-d1cfa783 wp-block-uagb-image--layout-default wp-block-uagb-image--effect-static wp-block-uagb-image--align-center\"><figure class=\"wp-block-uagb-image__figure\"><img decoding=\"async\" srcset=\"https:\/\/gwenaellediner.fr\/wp-content\/uploads\/2025\/09\/rocket-launch.svg ,https:\/\/gwenaellediner.fr\/wp-content\/uploads\/2025\/09\/rocket-launch.svg 780w, https:\/\/gwenaellediner.fr\/wp-content\/uploads\/2025\/09\/rocket-launch.svg 360w\" sizes=\"auto, (max-width: 480px) 150px\" src=\"https:\/\/gwenaellediner.fr\/wp-content\/uploads\/2025\/09\/rocket-launch.svg\" alt=\"\" class=\"uag-image-113\" width=\"61\" height=\"61\" title=\"rocket-launch\" loading=\"lazy\" role=\"img\"\/><\/figure><\/div>\n\n\n\n<p class=\"has-text-align-center\" style=\"font-size:18px;font-style:normal;font-weight:500;line-height:1.4\">Vision strat\u00e9gique<br>&amp; coop\u00e9rative<\/p>\n<\/div>\n\n\n\n<div class=\"wp-block-column is-vertically-aligned-center is-layout-flow wp-block-column-is-layout-flow\">\n<div class=\"wp-block-uagb-image aligncenter uagb-block-ba252409 wp-block-uagb-image--layout-default wp-block-uagb-image--effect-static wp-block-uagb-image--align-center\"><figure class=\"wp-block-uagb-image__figure\"><img decoding=\"async\" srcset=\"https:\/\/gwenaellediner.fr\/wp-content\/uploads\/2025\/09\/document-duplicate.svg ,https:\/\/gwenaellediner.fr\/wp-content\/uploads\/2025\/09\/document-duplicate.svg 780w, https:\/\/gwenaellediner.fr\/wp-content\/uploads\/2025\/09\/document-duplicate.svg 360w\" sizes=\"auto, (max-width: 480px) 150px\" src=\"https:\/\/gwenaellediner.fr\/wp-content\/uploads\/2025\/09\/document-duplicate.svg\" alt=\"\" class=\"uag-image-114\" width=\"61\" height=\"61\" title=\"document-duplicate\" loading=\"lazy\" role=\"img\"\/><\/figure><\/div>\n\n\n\n<p class=\"has-text-align-center\" style=\"font-size:18px;font-style:normal;font-weight:500;line-height:1.4\">Appui administratif<\/p>\n<\/div>\n\n\n\n<div class=\"wp-block-column is-vertically-aligned-center is-layout-flow wp-block-column-is-layout-flow\">\n<div class=\"wp-block-uagb-image aligncenter uagb-block-cd03c3cf wp-block-uagb-image--layout-default wp-block-uagb-image--effect-static wp-block-uagb-image--align-center\"><figure class=\"wp-block-uagb-image__figure\"><img decoding=\"async\" srcset=\"https:\/\/gwenaellediner.fr\/wp-content\/uploads\/2025\/09\/puzzle-piece.svg ,https:\/\/gwenaellediner.fr\/wp-content\/uploads\/2025\/09\/puzzle-piece.svg 780w, https:\/\/gwenaellediner.fr\/wp-content\/uploads\/2025\/09\/puzzle-piece.svg 360w\" sizes=\"auto, (max-width: 480px) 150px\" src=\"https:\/\/gwenaellediner.fr\/wp-content\/uploads\/2025\/09\/puzzle-piece.svg\" alt=\"\" class=\"uag-image-112\" width=\"61\" height=\"61\" title=\"puzzle-piece\" loading=\"lazy\" role=\"img\"\/><\/figure><\/div>\n\n\n\n<p class=\"has-text-align-center\" style=\"font-size:18px;font-style:normal;font-weight:500;line-height:1.4\">R\u00e9organisation RH&nbsp;<\/p>\n<\/div>\n\n\n\n<div class=\"wp-block-column is-vertically-aligned-center is-layout-flow wp-block-column-is-layout-flow\">\n<div class=\"wp-block-uagb-image aligncenter uagb-block-c3ee53d8 wp-block-uagb-image--layout-default wp-block-uagb-image--effect-static wp-block-uagb-image--align-center\"><figure class=\"wp-block-uagb-image__figure\"><img decoding=\"async\" srcset=\"https:\/\/gwenaellediner.fr\/wp-content\/uploads\/2025\/09\/folder.svg ,https:\/\/gwenaellediner.fr\/wp-content\/uploads\/2025\/09\/folder.svg 780w, https:\/\/gwenaellediner.fr\/wp-content\/uploads\/2025\/09\/folder.svg 360w\" sizes=\"auto, (max-width: 480px) 150px\" src=\"https:\/\/gwenaellediner.fr\/wp-content\/uploads\/2025\/09\/folder.svg\" alt=\"\" class=\"uag-image-116\" width=\"61\" height=\"61\" title=\"folder\" loading=\"lazy\" role=\"img\"\/><\/figure><\/div>\n\n\n\n<p class=\"has-text-align-center\" style=\"font-size:18px;font-style:normal;font-weight:500;line-height:1.4\">Gestion de projets&nbsp;<\/p>\n<\/div>\n\n\n\n<div class=\"wp-block-column is-layout-flow wp-block-column-is-layout-flow\"><\/div>\n\n\n\n<div class=\"wp-block-column is-layout-flow wp-block-column-is-layout-flow\"><\/div>\n\n\n\n<div class=\"wp-block-column is-vertically-aligned-bottom is-layout-flow wp-block-column-is-layout-flow\" style=\"flex-basis:250px\">\n<p>cr\u00e9ation <a href=\"https:\/\/www.acomdesign.com\/\">www.acomdesign.com<\/a><\/p>\n<\/div>\n<\/div>\n\n\n\n<div class=\"wp-block-columns is-not-stacked-on-mobile uag-hide-desktop is-layout-flex wp-container-core-columns-is-layout-28f84493 wp-block-columns-is-layout-flex\">\n<div class=\"wp-block-column is-layout-flow wp-block-column-is-layout-flow\">\n<div class=\"wp-block-uagb-image aligncenter uagb-block-5104c03b wp-block-uagb-image--layout-default wp-block-uagb-image--effect-static wp-block-uagb-image--align-center\"><figure class=\"wp-block-uagb-image__figure\"><img decoding=\"async\" srcset=\"https:\/\/gwenaellediner.fr\/wp-content\/uploads\/2025\/09\/rocket-launch.svg ,https:\/\/gwenaellediner.fr\/wp-content\/uploads\/2025\/09\/rocket-launch.svg 780w, https:\/\/gwenaellediner.fr\/wp-content\/uploads\/2025\/09\/rocket-launch.svg 360w\" sizes=\"auto, (max-width: 480px) 150px\" src=\"https:\/\/gwenaellediner.fr\/wp-content\/uploads\/2025\/09\/rocket-launch.svg\" alt=\"\" class=\"uag-image-113\" width=\"61\" height=\"61\" title=\"rocket-launch\" loading=\"lazy\" role=\"img\"\/><\/figure><\/div>\n\n\n\n<p class=\"has-text-align-center\" style=\"font-size:16px;font-style:normal;font-weight:500;line-height:1.4\">Vision strat\u00e9gique<br>&amp; coop\u00e9rative<\/p>\n<\/div>\n\n\n\n<div class=\"wp-block-column is-layout-flow wp-block-column-is-layout-flow\">\n<div class=\"wp-block-uagb-image aligncenter uagb-block-d5a90eba wp-block-uagb-image--layout-default wp-block-uagb-image--effect-static wp-block-uagb-image--align-center\"><figure class=\"wp-block-uagb-image__figure\"><img decoding=\"async\" srcset=\"https:\/\/gwenaellediner.fr\/wp-content\/uploads\/2025\/09\/document-duplicate.svg ,https:\/\/gwenaellediner.fr\/wp-content\/uploads\/2025\/09\/document-duplicate.svg 780w, https:\/\/gwenaellediner.fr\/wp-content\/uploads\/2025\/09\/document-duplicate.svg 360w\" sizes=\"auto, (max-width: 480px) 150px\" src=\"https:\/\/gwenaellediner.fr\/wp-content\/uploads\/2025\/09\/document-duplicate.svg\" alt=\"\" class=\"uag-image-114\" width=\"61\" height=\"61\" title=\"document-duplicate\" loading=\"lazy\" role=\"img\"\/><\/figure><\/div>\n\n\n\n<p class=\"has-text-align-center\" style=\"font-size:16px;font-style:normal;font-weight:500;line-height:1.4\">Appui administratif<\/p>\n<\/div>\n<\/div>\n\n\n\n<div class=\"wp-block-columns is-not-stacked-on-mobile uag-hide-desktop is-layout-flex wp-container-core-columns-is-layout-d7f80331 wp-block-columns-is-layout-flex\" style=\"margin-top:0;margin-bottom:0;padding-top:0;padding-right:0;padding-bottom:0;padding-left:0\">\n<div class=\"wp-block-column is-layout-flow wp-block-column-is-layout-flow\">\n<div class=\"wp-block-uagb-image aligncenter uagb-block-577ea3b8 wp-block-uagb-image--layout-default wp-block-uagb-image--effect-static wp-block-uagb-image--align-center\"><figure class=\"wp-block-uagb-image__figure\"><img decoding=\"async\" srcset=\"https:\/\/gwenaellediner.fr\/wp-content\/uploads\/2025\/09\/puzzle-piece.svg ,https:\/\/gwenaellediner.fr\/wp-content\/uploads\/2025\/09\/puzzle-piece.svg 780w, https:\/\/gwenaellediner.fr\/wp-content\/uploads\/2025\/09\/puzzle-piece.svg 360w\" sizes=\"auto, (max-width: 480px) 150px\" src=\"https:\/\/gwenaellediner.fr\/wp-content\/uploads\/2025\/09\/puzzle-piece.svg\" alt=\"\" class=\"uag-image-112\" width=\"61\" height=\"61\" title=\"puzzle-piece\" loading=\"lazy\" role=\"img\"\/><\/figure><\/div>\n\n\n\n<p class=\"has-text-align-center\" style=\"font-size:16px;font-style:normal;font-weight:500;line-height:1.4\">R\u00e9organisation RH&nbsp;<\/p>\n<\/div>\n\n\n\n<div class=\"wp-block-column is-layout-flow wp-block-column-is-layout-flow\">\n<div class=\"wp-block-uagb-image aligncenter uagb-block-a3a6c3df wp-block-uagb-image--layout-default wp-block-uagb-image--effect-static wp-block-uagb-image--align-center\"><figure class=\"wp-block-uagb-image__figure\"><img decoding=\"async\" srcset=\"https:\/\/gwenaellediner.fr\/wp-content\/uploads\/2025\/09\/folder.svg ,https:\/\/gwenaellediner.fr\/wp-content\/uploads\/2025\/09\/folder.svg 780w, https:\/\/gwenaellediner.fr\/wp-content\/uploads\/2025\/09\/folder.svg 360w\" sizes=\"auto, (max-width: 480px) 150px\" src=\"https:\/\/gwenaellediner.fr\/wp-content\/uploads\/2025\/09\/folder.svg\" alt=\"\" class=\"uag-image-116\" width=\"61\" height=\"61\" title=\"folder\" loading=\"lazy\" role=\"img\"\/><\/figure><\/div>\n\n\n\n<p class=\"has-text-align-center\" style=\"font-size:16px;font-style:normal;font-weight:500;line-height:1.4\">Gestion de projets&nbsp;<\/p>\n<\/div>\n<\/div>\n\n\n\n<div style=\"height:5px\" aria-hidden=\"true\" class=\"wp-block-spacer uag-hide-desktop\"><\/div>\n\n\n\n<p class=\"has-text-align-center uag-hide-desktop\">cr\u00e9ation <a href=\"https:\/\/www.acomdesign.com\/\">www.acomdesign.com<\/a><\/p>\n<\/div><\/div>\n","protected":false},"excerpt":{"rendered":"","protected":false},"author":1,"featured_media":0,"parent":0,"menu_order":0,"comment_status":"closed","ping_status":"closed","template":"","meta":{"_uag_custom_page_level_css":"","site-sidebar-layout":"no-sidebar","site-content-layout":"plain-container","ast-site-content-layout":"default","site-content-style":"default","site-sidebar-style":"default","ast-global-header-display":"","ast-banner-title-visibility":"","ast-main-header-display":"","ast-hfb-above-header-display":"","ast-hfb-below-header-display":"","ast-hfb-mobile-header-display":"","site-post-title":"disabled","ast-breadcrumbs-content":"","ast-featured-img":"","footer-sml-layout":"","theme-transparent-header-meta":"enabled","adv-header-id-meta":"","stick-header-meta":"","header-above-stick-meta":"","header-main-stick-meta":"","header-below-stick-meta":"","astra-migrate-meta-layouts":"default","ast-page-background-enabled":"default","ast-page-background-meta":{"desktop":{"background-color":"var(--ast-global-color-5)","background-image":"","background-repeat":"repeat","background-position":"center center","background-size":"auto","background-attachment":"scroll","background-type":"","background-media":"","overlay-type":"","overlay-color":"","overlay-opacity":"","overlay-gradient":""},"tablet":{"background-color":"","background-image":"","background-repeat":"repeat","background-position":"center center","background-size":"auto","background-attachment":"scroll","background-type":"","background-media":"","overlay-type":"","overlay-color":"","overlay-opacity":"","overlay-gradient":""},"mobile":{"background-color":"","background-image":"","background-repeat":"repeat","background-position":"center center","background-size":"auto","background-attachment":"scroll","background-type":"","background-media":"","overlay-type":"","overlay-color":"","overlay-opacity":"","overlay-gradient":""}},"ast-content-background-meta":{"desktop":{"background-color":"var(--ast-global-color-4)","background-image":"","background-repeat":"repeat","background-position":"center center","background-size":"auto","background-attachment":"scroll","background-type":"","background-media":"","overlay-type":"","overlay-color":"","overlay-opacity":"","overlay-gradient":""},"tablet":{"background-color":"var(--ast-global-color-4)","background-image":"","background-repeat":"repeat","background-position":"center center","background-size":"auto","background-attachment":"scroll","background-type":"","background-media":"","overlay-type":"","overlay-color":"","overlay-opacity":"","overlay-gradient":""},"mobile":{"background-color":"var(--ast-global-color-4)","background-image":"","background-repeat":"repeat","background-position":"center center","background-size":"auto","background-attachment":"scroll","background-type":"","background-media":"","overlay-type":"","overlay-color":"","overlay-opacity":"","overlay-gradient":""}},"footnotes":""},"class_list":["post-13","page","type-page","status-publish","hentry"],"yoast_head":"<!-- This site is optimized with the Yoast SEO plugin v26.2 - https:\/\/yoast.com\/wordpress\/plugins\/seo\/ -->\n<title>Accueil - Gw\u00e9na\u00eblle Diner<\/title>\n<meta name=\"description\" content=\"D\u00e9couvrez l&#039;expertise de Gw\u00e9na\u00eblle Diner en mati\u00e8re de gestion de projets et d&#039;appui administratif pour transformer votre organisation.\" \/>\n<meta name=\"robots\" content=\"index, follow, max-snippet:-1, max-image-preview:large, max-video-preview:-1\" \/>\n<link rel=\"canonical\" href=\"https:\/\/gwenaellediner.fr\/\" \/>\n<meta property=\"og:locale\" content=\"fr_FR\" \/>\n<meta property=\"og:type\" content=\"article\" \/>\n<meta property=\"og:title\" content=\"Accueil - Gw\u00e9na\u00eblle Diner\" \/>\n<meta property=\"og:description\" content=\"D\u00e9couvrez l&#039;expertise de Gw\u00e9na\u00eblle Diner en mati\u00e8re de gestion de projets et d&#039;appui administratif pour transformer votre organisation.\" \/>\n<meta property=\"og:url\" content=\"https:\/\/gwenaellediner.fr\/\" \/>\n<meta property=\"og:site_name\" content=\"Gw\u00e9na\u00eblle Diner\" \/>\n<meta property=\"article:modified_time\" content=\"2025-10-31T10:59:32+00:00\" \/>\n<meta property=\"og:image\" content=\"https:\/\/gwenaellediner.fr\/wp-content\/uploads\/2025\/09\/Gwenaelle-Diner-Finale-scaled.webp\" \/>\n\t<meta property=\"og:image:width\" content=\"2560\" \/>\n\t<meta property=\"og:image:height\" content=\"1655\" \/>\n\t<meta property=\"og:image:type\" content=\"image\/webp\" \/>\n<meta name=\"twitter:card\" content=\"summary_large_image\" \/>\n<meta name=\"twitter:label1\" content=\"Dur\u00e9e de lecture estim\u00e9e\" \/>\n\t<meta name=\"twitter:data1\" content=\"3 minutes\" \/>\n<script type=\"application\/ld+json\" class=\"yoast-schema-graph\">{\"@context\":\"https:\/\/schema.org\",\"@graph\":[{\"@type\":\"WebPage\",\"@id\":\"https:\/\/gwenaellediner.fr\/\",\"url\":\"https:\/\/gwenaellediner.fr\/\",\"name\":\"Accueil - Gw\u00e9na\u00eblle Diner\",\"isPartOf\":{\"@id\":\"https:\/\/gwenaellediner.fr\/#website\"},\"primaryImageOfPage\":{\"@id\":\"https:\/\/gwenaellediner.fr\/#primaryimage\"},\"image\":{\"@id\":\"https:\/\/gwenaellediner.fr\/#primaryimage\"},\"thumbnailUrl\":\"http:\/\/gwenaellediner.fr\/wp-content\/uploads\/2025\/09\/Gwenaelle-Diner-Finale-scaled.webp\",\"datePublished\":\"2025-09-23T09:36:48+00:00\",\"dateModified\":\"2025-10-31T10:59:32+00:00\",\"description\":\"D\u00e9couvrez l'expertise de Gw\u00e9na\u00eblle Diner en mati\u00e8re de gestion de projets et d'appui administratif pour transformer votre organisation.\",\"breadcrumb\":{\"@id\":\"https:\/\/gwenaellediner.fr\/#breadcrumb\"},\"inLanguage\":\"fr-FR\",\"potentialAction\":[{\"@type\":\"ReadAction\",\"target\":[\"https:\/\/gwenaellediner.fr\/\"]}]},{\"@type\":\"ImageObject\",\"inLanguage\":\"fr-FR\",\"@id\":\"https:\/\/gwenaellediner.fr\/#primaryimage\",\"url\":\"https:\/\/gwenaellediner.fr\/wp-content\/uploads\/2025\/09\/Gwenaelle-Diner-Finale-scaled.webp\",\"contentUrl\":\"https:\/\/gwenaellediner.fr\/wp-content\/uploads\/2025\/09\/Gwenaelle-Diner-Finale-scaled.webp\",\"width\":2560,\"height\":1655},{\"@type\":\"BreadcrumbList\",\"@id\":\"https:\/\/gwenaellediner.fr\/#breadcrumb\",\"itemListElement\":[{\"@type\":\"ListItem\",\"position\":1,\"name\":\"Accueil\",\"item\":\"https:\/\/gwenaellediner.fr\/\"},{\"@type\":\"ListItem\",\"position\":2,\"name\":\"Accueil\"}]},{\"@type\":\"WebSite\",\"@id\":\"https:\/\/gwenaellediner.fr\/#website\",\"url\":\"https:\/\/gwenaellediner.fr\/\",\"name\":\"Gw\u00e9na\u00eblle Diner\",\"description\":\"\",\"potentialAction\":[{\"@type\":\"SearchAction\",\"target\":{\"@type\":\"EntryPoint\",\"urlTemplate\":\"https:\/\/gwenaellediner.fr\/?s={search_term_string}\"},\"query-input\":{\"@type\":\"PropertyValueSpecification\",\"valueRequired\":true,\"valueName\":\"search_term_string\"}}],\"inLanguage\":\"fr-FR\"}]}<\/script>\n<!-- \/ Yoast SEO plugin. -->","yoast_head_json":{"title":"Accueil - Gw\u00e9na\u00eblle Diner","description":"D\u00e9couvrez l'expertise de Gw\u00e9na\u00eblle Diner en mati\u00e8re de gestion de projets et d'appui administratif pour transformer votre organisation.","robots":{"index":"index","follow":"follow","max-snippet":"max-snippet:-1","max-image-preview":"max-image-preview:large","max-video-preview":"max-video-preview:-1"},"canonical":"https:\/\/gwenaellediner.fr\/","og_locale":"fr_FR","og_type":"article","og_title":"Accueil - Gw\u00e9na\u00eblle Diner","og_description":"D\u00e9couvrez l'expertise de Gw\u00e9na\u00eblle Diner en mati\u00e8re de gestion de projets et d'appui administratif pour transformer votre organisation.","og_url":"https:\/\/gwenaellediner.fr\/","og_site_name":"Gw\u00e9na\u00eblle Diner","article_modified_time":"2025-10-31T10:59:32+00:00","og_image":[{"width":2560,"height":1655,"url":"https:\/\/gwenaellediner.fr\/wp-content\/uploads\/2025\/09\/Gwenaelle-Diner-Finale-scaled.webp","type":"image\/webp"}],"twitter_card":"summary_large_image","twitter_misc":{"Dur\u00e9e de lecture estim\u00e9e":"3 minutes"},"schema":{"@context":"https:\/\/schema.org","@graph":[{"@type":"WebPage","@id":"https:\/\/gwenaellediner.fr\/","url":"https:\/\/gwenaellediner.fr\/","name":"Accueil - Gw\u00e9na\u00eblle Diner","isPartOf":{"@id":"https:\/\/gwenaellediner.fr\/#website"},"primaryImageOfPage":{"@id":"https:\/\/gwenaellediner.fr\/#primaryimage"},"image":{"@id":"https:\/\/gwenaellediner.fr\/#primaryimage"},"thumbnailUrl":"http:\/\/gwenaellediner.fr\/wp-content\/uploads\/2025\/09\/Gwenaelle-Diner-Finale-scaled.webp","datePublished":"2025-09-23T09:36:48+00:00","dateModified":"2025-10-31T10:59:32+00:00","description":"D\u00e9couvrez l'expertise de Gw\u00e9na\u00eblle Diner en mati\u00e8re de gestion de projets et d'appui administratif pour transformer votre organisation.","breadcrumb":{"@id":"https:\/\/gwenaellediner.fr\/#breadcrumb"},"inLanguage":"fr-FR","potentialAction":[{"@type":"ReadAction","target":["https:\/\/gwenaellediner.fr\/"]}]},{"@type":"ImageObject","inLanguage":"fr-FR","@id":"https:\/\/gwenaellediner.fr\/#primaryimage","url":"https:\/\/gwenaellediner.fr\/wp-content\/uploads\/2025\/09\/Gwenaelle-Diner-Finale-scaled.webp","contentUrl":"https:\/\/gwenaellediner.fr\/wp-content\/uploads\/2025\/09\/Gwenaelle-Diner-Finale-scaled.webp","width":2560,"height":1655},{"@type":"BreadcrumbList","@id":"https:\/\/gwenaellediner.fr\/#breadcrumb","itemListElement":[{"@type":"ListItem","position":1,"name":"Accueil","item":"https:\/\/gwenaellediner.fr\/"},{"@type":"ListItem","position":2,"name":"Accueil"}]},{"@type":"WebSite","@id":"https:\/\/gwenaellediner.fr\/#website","url":"https:\/\/gwenaellediner.fr\/","name":"Gw\u00e9na\u00eblle Diner","description":"","potentialAction":[{"@type":"SearchAction","target":{"@type":"EntryPoint","urlTemplate":"https:\/\/gwenaellediner.fr\/?s={search_term_string}"},"query-input":{"@type":"PropertyValueSpecification","valueRequired":true,"valueName":"search_term_string"}}],"inLanguage":"fr-FR"}]}},"uagb_featured_image_src":{"full":false,"thumbnail":false,"medium":false,"medium_large":false,"large":false,"1536x1536":false,"2048x2048":false},"uagb_author_info":{"display_name":"admin2474","author_link":"https:\/\/gwenaellediner.fr\/?author=1"},"uagb_comment_info":0,"uagb_excerpt":null,"_links":{"self":[{"href":"https:\/\/gwenaellediner.fr\/index.php?rest_route=\/wp\/v2\/pages\/13","targetHints":{"allow":["GET"]}}],"collection":[{"href":"https:\/\/gwenaellediner.fr\/index.php?rest_route=\/wp\/v2\/pages"}],"about":[{"href":"https:\/\/gwenaellediner.fr\/index.php?rest_route=\/wp\/v2\/types\/page"}],"author":[{"embeddable":true,"href":"https:\/\/gwenaellediner.fr\/index.php?rest_route=\/wp\/v2\/users\/1"}],"replies":[{"embeddable":true,"href":"https:\/\/gwenaellediner.fr\/index.php?rest_route=%2Fwp%2Fv2%2Fcomments&post=13"}],"version-history":[{"count":42,"href":"https:\/\/gwenaellediner.fr\/index.php?rest_route=\/wp\/v2\/pages\/13\/revisions"}],"predecessor-version":[{"id":130,"href":"https:\/\/gwenaellediner.fr\/index.php?rest_route=\/wp\/v2\/pages\/13\/revisions\/130"}],"wp:attachment":[{"href":"https:\/\/gwenaellediner.fr\/index.php?rest_route=%2Fwp%2Fv2%2Fmedia&parent=13"}],"curies":[{"name":"wp","href":"https:\/\/api.w.org\/{rel}","templated":true}]}}